{"id":71684,"date":"2023-09-19T08:13:48","date_gmt":"2023-09-19T08:13:48","guid":{"rendered":"https:\/\/dentaverse.pro\/kontakt\/"},"modified":"2023-11-03T08:54:45","modified_gmt":"2023-11-03T08:54:45","slug":"kontakt","status":"publish","type":"page","link":"https:\/\/dentaverse.pro\/hr\/kontakt\/","title":{"rendered":"Kontakt"},"content":{"rendered":"<p>[et_pb_section fb_built=&#8221;1&#8243; custom_padding_last_edited=&#8221;on|tablet&#8221; _builder_version=&#8221;4.22.1&#8243; _module_preset=&#8221;default&#8221; background_color=&#8221;gcid-5504b5c1-9857-48e0-b793-6407d1f40ee8&#8243; background_enable_image=&#8221;off&#8221; background_repeat=&#8221;repeat&#8221; custom_margin=&#8221;0px||0px||false|false&#8221; custom_padding=&#8221;58px||27px||false|false&#8221; custom_padding_tablet=&#8221;100px||100px||false|false&#8221; custom_padding_phone=&#8221;50px||30px||false|false&#8221; animation_style=&#8221;fold&#8221; animation_direction=&#8221;left&#8221; animation_intensity_fold=&#8221;5%&#8221; animation_starting_opacity=&#8221;100%&#8221; custom_css_main_element=&#8221;animation: scroll 70s linear infinite;||||}||||@keyframes scroll {||   100%{||    background-position:0px -1500px;||  }&#8221; global_colors_info=&#8221;{%22gcid-5504b5c1-9857-48e0-b793-6407d1f40ee8%22:%91%22background_color%22%93}&#8221;][et_pb_row _builder_version=&#8221;4.22.1&#8243; _module_preset=&#8221;default&#8221; custom_padding=&#8221;0px||0px||true|false&#8221; global_colors_info=&#8221;{}&#8221;][et_pb_column type=&#8221;4_4&#8243; _builder_version=&#8221;4.22.1&#8243; _module_preset=&#8221;default&#8221; global_colors_info=&#8221;{}&#8221;][dipi_text_highlighter text_highlighter_text=&#8221;GET DETANVERSE&#8221; stroke_color=&#8221;#FFFFFF&#8221; _builder_version=&#8221;4.22.1&#8243; _module_preset=&#8221;default&#8221; all_text_text_align=&#8221;center&#8221; highlighted_text_font=&#8221;|800||on|||||&#8221; highlighted_text_text_color=&#8221;#FFFFFF&#8221; highlighted_text_font_size=&#8221;39px&#8221; custom_margin=&#8221;||9px|||&#8221; highlighted_text_font_size_tablet=&#8221;39px&#8221; highlighted_text_font_size_phone=&#8221;34px&#8221; highlighted_text_font_size_last_edited=&#8221;on|phone&#8221; global_colors_info=&#8221;{}&#8221;][\/dipi_text_highlighter][et_pb_text _builder_version=&#8221;4.22.1&#8243; _module_preset=&#8221;default&#8221; text_font=&#8221;|300|||||||&#8221; text_text_color=&#8221;#FFFFFF&#8221; text_font_size=&#8221;21px&#8221; text_line_height=&#8221;1.5em&#8221; header_2_font=&#8221;|||on|||||&#8221; header_2_text_color=&#8221;gcid-4c842183-f441-4e5c-a13a-48b94c47bd29&#8243; header_2_line_height=&#8221;1.4em&#8221; text_orientation=&#8221;center&#8221; header_2_font_size_tablet=&#8221;&#8221; header_2_font_size_phone=&#8221;22px&#8221; header_2_font_size_last_edited=&#8221;on|phone&#8221; header_2_line_height_tablet=&#8221;1.4em&#8221; header_2_line_height_phone=&#8221;1.2em&#8221; header_2_line_height_last_edited=&#8221;on|phone&#8221; global_colors_info=&#8221;{%22gcid-4c842183-f441-4e5c-a13a-48b94c47bd29%22:%91%22header_2_text_color%22%93}&#8221;]<\/p>\n<h2>Obratite nam se za neobvezuju\u0107u ponudu<\/h2>\n<p>[\/et_pb_text][\/et_pb_column][\/et_pb_row][\/et_pb_section][et_pb_section fb_built=&#8221;1&#8243; custom_padding_last_edited=&#8221;on|phone&#8221; _builder_version=&#8221;4.22.1&#8243; _module_preset=&#8221;default&#8221; custom_padding_tablet=&#8221;&#8221; custom_padding_phone=&#8221;10px||10px||true|false&#8221; global_colors_info=&#8221;{}&#8221;][et_pb_row column_structure=&#8221;1_3,2_3&#8243; _builder_version=&#8221;4.22.1&#8243; _module_preset=&#8221;default&#8221; width=&#8221;85%&#8221; global_colors_info=&#8221;{}&#8221;][et_pb_column type=&#8221;1_3&#8243; _builder_version=&#8221;4.22.1&#8243; _module_preset=&#8221;default&#8221; global_colors_info=&#8221;{}&#8221;][et_pb_text _builder_version=&#8221;4.22.1&#8243; _module_preset=&#8221;default&#8221; text_font=&#8221;|300|||||||&#8221; text_font_size=&#8221;17px&#8221; header_font=&#8221;|700|||||||&#8221; header_text_align=&#8221;left&#8221; header_text_color=&#8221;gcid-fc1a6ba4-a89f-438b-8518-208093756b6b&#8221; header_font_size=&#8221;36px&#8221; header_letter_spacing=&#8221;-1px&#8221; header_line_height=&#8221;1.2em&#8221; custom_margin=&#8221;0px||37px||false|false&#8221; custom_margin_tablet=&#8221;0px||21px||false|false&#8221; custom_margin_phone=&#8221;0px||16px||false|false&#8221; custom_margin_last_edited=&#8221;on|phone&#8221; custom_padding=&#8221;0px||0px||false|false&#8221; animation_style=&#8221;slide&#8221; animation_direction=&#8221;bottom&#8221; animation_delay=&#8221;400ms&#8221; animation_intensity_slide=&#8221;7%&#8221; animation_speed_curve=&#8221;ease&#8221; header_font_size_tablet=&#8221;61px&#8221; header_font_size_phone=&#8221;40px&#8221; header_font_size_last_edited=&#8221;on|phone&#8221; global_colors_info=&#8221;{%22gcid-fc1a6ba4-a89f-438b-8518-208093756b6b%22:%91%22header_text_color%22%93}&#8221;]<\/p>\n<h1>Dentaverse<\/h1>\n<p>Va\u0161 pouzdan partner za cjelovita rje\u0161enja i uspje\u0161nu suradnju.<\/p>\n<p>[\/et_pb_text][et_pb_blurb title=&#8221;info@dentaverse.pro&#8221; use_icon=&#8221;on&#8221; font_icon=&#8221;&#xe076;||divi||400&#8243; icon_placement=&#8221;left&#8221; image_icon_width=&#8221;22px&#8221; _builder_version=&#8221;4.22.2&#8243; _module_preset=&#8221;default&#8221; image_icon_custom_margin=&#8221;-3px||||false|false&#8221; image_icon_custom_padding=&#8221;0px||||false|false&#8221; custom_margin=&#8221;||13px|||&#8221; hover_enabled=&#8221;0&#8243; global_colors_info=&#8221;{}&#8221; url=&#8221;mailto:info@dentaverse.pro&#8221; sticky_enabled=&#8221;0&#8243;][\/et_pb_blurb][et_pb_blurb title=&#8221;+385 1 8000 675&#8243; use_icon=&#8221;on&#8221; font_icon=&#8221;&#xe090;||divi||400&#8243; icon_placement=&#8221;left&#8221; image_icon_width=&#8221;22px&#8221; _builder_version=&#8221;4.22.2&#8243; _module_preset=&#8221;default&#8221; header_font_size=&#8221;20px&#8221; image_icon_custom_margin=&#8221;-3px||||false|false&#8221; image_icon_custom_padding=&#8221;0px||||false|false&#8221; custom_margin=&#8221;||11px|||&#8221; hover_enabled=&#8221;0&#8243; global_colors_info=&#8221;{}&#8221; url=&#8221;tel:+38518000675&#8243; sticky_enabled=&#8221;0&#8243;][\/et_pb_blurb][et_pb_divider _builder_version=&#8221;4.22.1&#8243; _module_preset=&#8221;default&#8221; global_colors_info=&#8221;{}&#8221;][\/et_pb_divider][et_pb_text _builder_version=&#8221;4.22.2&#8243; _module_preset=&#8221;default&#8221; text_font=&#8221;||||||||&#8221; text_font_size=&#8221;16px&#8221; header_font=&#8221;|700|||||||&#8221; header_text_align=&#8221;center&#8221; header_text_color=&#8221;gcid-fc1a6ba4-a89f-438b-8518-208093756b6b&#8221; header_font_size=&#8221;48px&#8221; header_letter_spacing=&#8221;-1px&#8221; header_line_height=&#8221;1.2em&#8221; header_2_text_color=&#8221;#000000&#8243; custom_margin=&#8221;40px||37px||false|false&#8221; custom_margin_tablet=&#8221;0px||21px||false|false&#8221; custom_margin_phone=&#8221;0px||16px||false|false&#8221; custom_margin_last_edited=&#8221;on|phone&#8221; custom_padding=&#8221;0px||0px||false|false&#8221; animation_style=&#8221;slide&#8221; animation_direction=&#8221;bottom&#8221; animation_delay=&#8221;400ms&#8221; animation_intensity_slide=&#8221;7%&#8221; animation_speed_curve=&#8221;ease&#8221; hover_enabled=&#8221;0&#8243; header_font_size_tablet=&#8221;61px&#8221; header_font_size_phone=&#8221;40px&#8221; header_font_size_last_edited=&#8221;on|phone&#8221; global_colors_info=&#8221;{%22gcid-fc1a6ba4-a89f-438b-8518-208093756b6b%22:%91%22header_text_color%22%93}&#8221; sticky_enabled=&#8221;0&#8243;]<\/p>\n<h2>Korisni linkovi<\/h2>\n<p><a href=\"https:\/\/dentalpoints.net\/\" target=\"\u201d_blank\u201d\" rel=\"noopener\">Dentalpoints.net<\/a><br \/>\n<a href=\"https:\/\/www.dentalpoints.net\/blog\/\" target=\"\u201d_blank\u201d\" rel=\"noopener\">Dentalpoints blog<\/a><\/p>\n<p><a href=\"https:\/\/admin.dentalpoints.net\/login.php\" target=\"\u201d_blank\u201d\" rel=\"noopener\">Prijava za partnere<\/a><\/p>\n<p><a href=\"#\"> GDPR i pravila o privatnosti<\/a><br \/>\n<a href=\"#\">Op\u0107i uvjeti i odredbe<\/a>[\/et_pb_text][\/et_pb_column][et_pb_column type=&#8221;2_3&#8243; _builder_version=&#8221;4.22.1&#8243; _module_preset=&#8221;default&#8221; global_colors_info=&#8221;{}&#8221;][et_pb_contact_form use_spam_service=&#8221;on&#8221; recaptcha_list=&#8221;Default|Default-0&#8243; email=&#8221;info@dentaverse.pro&#8221; title=&#8221;Javite nam \u0161to Vas zanima&#8221; submit_button_text=&#8221;PO\u0160ALJI PORUKU&#8221; module_id=&#8221;et_pb_contact_form_0&#8243; _builder_version=&#8221;4.22.2&#8243; form_field_background_color=&#8221;rgba(0,0,0,0)&#8221; form_field_text_color=&#8221;gcid-5504b5c1-9857-48e0-b793-6407d1f40ee8&#8243; form_field_focus_text_color=&#8221;gcid-fc1a6ba4-a89f-438b-8518-208093756b6b&#8221; title_font=&#8221;|700|||||||&#8221; title_text_color=&#8221;gcid-5504b5c1-9857-48e0-b793-6407d1f40ee8&#8243; title_font_size=&#8221;30px&#8221; title_line_height=&#8221;1.3em&#8221; form_field_font=&#8221;|300|||||||&#8221; form_field_font_size=&#8221;15px&#8221; form_field_line_height=&#8221;1.6em&#8221; custom_button=&#8221;on&#8221; button_text_size=&#8221;14px&#8221; button_text_color=&#8221;#FFFFFF&#8221; button_bg_color=&#8221;gcid-5504b5c1-9857-48e0-b793-6407d1f40ee8&#8243; button_border_width=&#8221;0px&#8221; button_border_color=&#8221;#ffffff&#8221; button_border_radius=&#8221;22px&#8221; button_letter_spacing=&#8221;0px&#8221; button_font=&#8221;|||on|||||&#8221; button_icon=&#8221;&#x24;||divi||400&#8243; button_on_hover=&#8221;off&#8221; button_custom_padding=&#8221;10px|30px|10px|20px|true|false&#8221; custom_padding=&#8221;12px|20px|12px|20px|true|true&#8221; hover_enabled=&#8221;0&#8243; title_font_size_tablet=&#8221;&#8221; title_font_size_phone=&#8221;25px&#8221; title_font_size_last_edited=&#8221;on|phone&#8221; border_width_all=&#8221;1px&#8221; border_color_all=&#8221;rgba(86,86,86,0.31)&#8221; form_background_color=&#8221;rgba(0,0,0,0)&#8221; global_colors_info=&#8221;{%22gcid-5504b5c1-9857-48e0-b793-6407d1f40ee8%22:%91%22form_field_text_color%22,%22title_text_color%22,%22button_bg_color%22%93,%22gcid-fc1a6ba4-a89f-438b-8518-208093756b6b%22:%91%22form_field_focus_text_color%22%93}&#8221; button_bg_color__hover_enabled=&#8221;on&#8221; button_bg_color__hover=&#8221;#bfbfbf&#8221; button_border_color__hover_enabled=&#8221;on&#8221; button_border_color__hover=&#8221;#bfbfbf&#8221; button_letter_spacing__hover=&#8221;2px&#8221; button_letter_spacing__hover_enabled=&#8221;on&#8221; button_text_color__hover_enabled=&#8221;on&#8221; button_text_color__hover=&#8221;#474747&#8243; sticky_enabled=&#8221;0&#8243;][et_pb_contact_field field_id=&#8221;Name&#8221; field_title=&#8221;Ime i prezime&#8221; fullwidth_field=&#8221;on&#8221; _builder_version=&#8221;4.16&#8243; global_colors_info=&#8221;{}&#8221; button_text_size__hover_enabled=&#8221;off&#8221; button_one_text_size__hover_enabled=&#8221;off&#8221; button_two_text_size__hover_enabled=&#8221;off&#8221; button_text_color__hover_enabled=&#8221;off&#8221; button_one_text_color__hover_enabled=&#8221;off&#8221; button_two_text_color__hover_enabled=&#8221;off&#8221; button_border_width__hover_enabled=&#8221;off&#8221; button_one_border_width__hover_enabled=&#8221;off&#8221; button_two_border_width__hover_enabled=&#8221;off&#8221; button_border_color__hover_enabled=&#8221;off&#8221; button_one_border_color__hover_enabled=&#8221;off&#8221; button_two_border_color__hover_enabled=&#8221;off&#8221; button_border_radius__hover_enabled=&#8221;off&#8221; button_one_border_radius__hover_enabled=&#8221;off&#8221; button_two_border_radius__hover_enabled=&#8221;off&#8221; button_letter_spacing__hover_enabled=&#8221;off&#8221; button_one_letter_spacing__hover_enabled=&#8221;off&#8221; button_two_letter_spacing__hover_enabled=&#8221;off&#8221; button_bg_color__hover_enabled=&#8221;off&#8221; button_one_bg_color__hover_enabled=&#8221;off&#8221; button_two_bg_color__hover_enabled=&#8221;off&#8221;][\/et_pb_contact_field][et_pb_contact_field field_id=&#8221;phone&#8221; field_title=&#8221;Telefon&#8221; fullwidth_field=&#8221;on&#8221; _builder_version=&#8221;4.16&#8243; global_colors_info=&#8221;{}&#8221; button_text_size__hover_enabled=&#8221;off&#8221; button_one_text_size__hover_enabled=&#8221;off&#8221; button_two_text_size__hover_enabled=&#8221;off&#8221; button_text_color__hover_enabled=&#8221;off&#8221; button_one_text_color__hover_enabled=&#8221;off&#8221; button_two_text_color__hover_enabled=&#8221;off&#8221; button_border_width__hover_enabled=&#8221;off&#8221; button_one_border_width__hover_enabled=&#8221;off&#8221; button_two_border_width__hover_enabled=&#8221;off&#8221; button_border_color__hover_enabled=&#8221;off&#8221; button_one_border_color__hover_enabled=&#8221;off&#8221; button_two_border_color__hover_enabled=&#8221;off&#8221; button_border_radius__hover_enabled=&#8221;off&#8221; button_one_border_radius__hover_enabled=&#8221;off&#8221; button_two_border_radius__hover_enabled=&#8221;off&#8221; button_letter_spacing__hover_enabled=&#8221;off&#8221; button_one_letter_spacing__hover_enabled=&#8221;off&#8221; button_two_letter_spacing__hover_enabled=&#8221;off&#8221; button_bg_color__hover_enabled=&#8221;off&#8221; button_one_bg_color__hover_enabled=&#8221;off&#8221; button_two_bg_color__hover_enabled=&#8221;off&#8221;][\/et_pb_contact_field][et_pb_contact_field field_id=&#8221;Email&#8221; field_title=&#8221;Email&#8221; field_type=&#8221;email&#8221; fullwidth_field=&#8221;on&#8221; _builder_version=&#8221;4.16&#8243; global_colors_info=&#8221;{}&#8221; button_text_size__hover_enabled=&#8221;off&#8221; button_one_text_size__hover_enabled=&#8221;off&#8221; button_two_text_size__hover_enabled=&#8221;off&#8221; button_text_color__hover_enabled=&#8221;off&#8221; button_one_text_color__hover_enabled=&#8221;off&#8221; button_two_text_color__hover_enabled=&#8221;off&#8221; button_border_width__hover_enabled=&#8221;off&#8221; button_one_border_width__hover_enabled=&#8221;off&#8221; button_two_border_width__hover_enabled=&#8221;off&#8221; button_border_color__hover_enabled=&#8221;off&#8221; button_one_border_color__hover_enabled=&#8221;off&#8221; button_two_border_color__hover_enabled=&#8221;off&#8221; button_border_radius__hover_enabled=&#8221;off&#8221; button_one_border_radius__hover_enabled=&#8221;off&#8221; button_two_border_radius__hover_enabled=&#8221;off&#8221; button_letter_spacing__hover_enabled=&#8221;off&#8221; button_one_letter_spacing__hover_enabled=&#8221;off&#8221; button_two_letter_spacing__hover_enabled=&#8221;off&#8221; button_bg_color__hover_enabled=&#8221;off&#8221; button_one_bg_color__hover_enabled=&#8221;off&#8221; button_two_bg_color__hover_enabled=&#8221;off&#8221;][\/et_pb_contact_field][et_pb_contact_field field_id=&#8221;Message&#8221; field_title=&#8221;Poruka&#8221; field_type=&#8221;text&#8221; fullwidth_field=&#8221;on&#8221; _builder_version=&#8221;4.16&#8243; global_colors_info=&#8221;{}&#8221; button_text_size__hover_enabled=&#8221;off&#8221; button_one_text_size__hover_enabled=&#8221;off&#8221; button_two_text_size__hover_enabled=&#8221;off&#8221; button_text_color__hover_enabled=&#8221;off&#8221; button_one_text_color__hover_enabled=&#8221;off&#8221; button_two_text_color__hover_enabled=&#8221;off&#8221; button_border_width__hover_enabled=&#8221;off&#8221; button_one_border_width__hover_enabled=&#8221;off&#8221; button_two_border_width__hover_enabled=&#8221;off&#8221; button_border_color__hover_enabled=&#8221;off&#8221; button_one_border_color__hover_enabled=&#8221;off&#8221; button_two_border_color__hover_enabled=&#8221;off&#8221; button_border_radius__hover_enabled=&#8221;off&#8221; button_one_border_radius__hover_enabled=&#8221;off&#8221; button_two_border_radius__hover_enabled=&#8221;off&#8221; button_letter_spacing__hover_enabled=&#8221;off&#8221; button_one_letter_spacing__hover_enabled=&#8221;off&#8221; button_two_letter_spacing__hover_enabled=&#8221;off&#8221; button_bg_color__hover_enabled=&#8221;off&#8221; button_one_bg_color__hover_enabled=&#8221;off&#8221; button_two_bg_color__hover_enabled=&#8221;off&#8221;][\/et_pb_contact_field][et_pb_contact_field field_id=&#8221;paket&#8221; field_title=&#8221;Odabir usluge&#8221; field_type=&#8221;select&#8221; select_options=&#8221;%91{%22value%22:%22Dentalpoints.net + Dentaverse Ekstranet%22,%22checked%22:0,%22dragID%22:3},{%22value%22:%22Dentalpoints.net &#8211; ogla\u0161avanje%22,%22checked%22:0,%22dragID%22:-1},{%22value%22:%22Dentaverse Ekstranet%22,%22checked%22:0,%22dragID%22:0},{%22value%22:%22Modul Dental-RTC%22,%22checked%22:0,%22dragID%22:2},{%22value%22:%22Web &amp; hosting%22,%22checked%22:0,%22dragID%22:1}%93&#8243; fullwidth_field=&#8221;on&#8221; _builder_version=&#8221;4.22.1&#8243; _module_preset=&#8221;default&#8221; global_colors_info=&#8221;{}&#8221;][\/et_pb_contact_field][\/et_pb_contact_form][\/et_pb_column][\/et_pb_row][\/et_pb_section]<\/p>\n","protected":false},"excerpt":{"rendered":"<p><div class=\"et_pb_module dipi_text_highlighter dipi_text_highlighter_0\">\n\t\t\t\t\n\t\t\t\t\n\t\t\t\t\n\t\t\t\t\n\t\t\t\t\n\t\t\t\t\n\t\t\t\t<div class=\"et_pb_module_inner\">\n\t\t\t\t\t<h2 class=\"dipi-highlight-text-wrapper\" data-config=\"{&quot;animation_start&quot;:&quot;in_a_viewport&quot;,&quot;animation_start_viewport&quot;:&quot;75%&quot;,&quot;animation_delay&quot;:&quot;0ms&quot;,&quot;animation_duration&quot;:&quot;800ms&quot;,&quot;delay_after_animation&quot;:&quot;3000ms&quot;,&quot;repeat_mode&quot;:&quot;infinite&quot;,&quot;count_mode&quot;:&quot;everytime_in_viewport&quot;,&quot;animation_repeat_counts&quot;:&quot;3&quot;,&quot;reverse_animation&quot;:&quot;off&quot;,&quot;id&quot;:&quot;dipi_text_highlighter_0_wrapper&quot;}\">\n\t\t\t\t\t<span class=\"dipi-text-highlight-wrapper {&quot;animation_start&quot;:&quot;in_a_viewport&quot;,&quot;animation_start_viewport&quot;:&quot;75%&quot;,&quot;animation_delay&quot;:&quot;0ms&quot;,&quot;animation_duration&quot;:&quot;800ms&quot;,&quot;delay_after_animation&quot;:&quot;3000ms&quot;,&quot;repeat_mode&quot;:&quot;infinite&quot;,&quot;count_mode&quot;:&quot;everytime_in_viewport&quot;,&quot;animation_repeat_counts&quot;:&quot;3&quot;,&quot;reverse_animation&quot;:&quot;off&quot;,&quot;id&quot;:&quot;dipi_text_highlighter_0_wrapper&quot;}\"><span class=\"dipi-text-highlight-text dipi-text-highlight-text\">GET DETANVERSE<\/span><span class=\"dipi-text-highlight-svg\"><svg xmlns=\"http:\/\/www.w3.org\/2000\/svg\" viewBox=\"0 0 500 150\" preserveAspectRatio=\"none\"><path d=\"M7.7,145.6C109,125,299.9,116.2,401,121.3c42.1,2.2,87.6,11.8,87.3,25.7\"><\/path><\/svg><\/span><\/span>\n\t\t\t<\/h2>\n\t\t\t\t<\/div>\n\t\t\t<\/div>Obratite nam se za neobvezuju\u0107u ponuduDentaverse Va\u0161 pouzdan partner za cjelovita rje\u0161enja i uspje\u0161nu suradnju.Korisni linkovi Dentalpoints.net Dentalpoints blog Prijava za partnere GDPR i pravila o privatnosti Op\u0107i uvjeti i odredbe<\/p>\n","protected":false},"author":1,"featured_media":0,"parent":0,"menu_order":0,"comment_status":"closed","ping_status":"closed","template":"","meta":{"_et_pb_use_builder":"on","_et_pb_old_content":"","_et_gb_content_width":"","footnotes":""},"dipi_cpt_category":[],"class_list":["post-71684","page","type-page","status-publish","hentry"],"yoast_head":"<!-- This site is optimized with the Yoast SEO plugin v26.3 - https:\/\/yoast.com\/wordpress\/plugins\/seo\/ -->\n<title>Get Dentaverse - Kontaktirajte nas<\/title>\n<meta name=\"description\" content=\"Kontaktirajte nas za neobavezuju\u0107u ponudu. Va\u0161 pouzdan partner za cjelovita rje\u0161enja i uspje\u0161nu suradnju.\" \/>\n<meta name=\"robots\" content=\"index, follow, max-snippet:-1, max-image-preview:large, max-video-preview:-1\" \/>\n<link rel=\"canonical\" href=\"https:\/\/dentaverse.pro\/hr\/kontakt\/\" \/>\n<meta property=\"og:locale\" content=\"hr_HR\" \/>\n<meta property=\"og:type\" content=\"article\" \/>\n<meta property=\"og:title\" content=\"Get Dentaverse - Kontaktirajte nas\" \/>\n<meta property=\"og:description\" content=\"Kontaktirajte nas za neobavezuju\u0107u ponudu. Va\u0161 pouzdan partner za cjelovita rje\u0161enja i uspje\u0161nu suradnju.\" \/>\n<meta property=\"og:url\" content=\"https:\/\/dentaverse.pro\/hr\/kontakt\/\" \/>\n<meta property=\"og:site_name\" content=\"Dentaverse\" \/>\n<meta property=\"article:modified_time\" content=\"2023-11-03T08:54:45+00:00\" \/>\n<meta name=\"twitter:card\" content=\"summary_large_image\" \/>\n<meta name=\"twitter:label1\" content=\"Procijenjeno vrijeme \u010ditanja\" \/>\n\t<meta name=\"twitter:data1\" content=\"9 minuta\" \/>\n<script type=\"application\/ld+json\" class=\"yoast-schema-graph\">{\"@context\":\"https:\/\/schema.org\",\"@graph\":[{\"@type\":\"WebPage\",\"@id\":\"https:\/\/dentaverse.pro\/hr\/kontakt\/\",\"url\":\"https:\/\/dentaverse.pro\/hr\/kontakt\/\",\"name\":\"Get Dentaverse - Kontaktirajte nas\",\"isPartOf\":{\"@id\":\"https:\/\/dentaverse.pro\/#website\"},\"datePublished\":\"2023-09-19T08:13:48+00:00\",\"dateModified\":\"2023-11-03T08:54:45+00:00\",\"description\":\"Kontaktirajte nas za neobavezuju\u0107u ponudu. Va\u0161 pouzdan partner za cjelovita rje\u0161enja i uspje\u0161nu suradnju.\",\"breadcrumb\":{\"@id\":\"https:\/\/dentaverse.pro\/hr\/kontakt\/#breadcrumb\"},\"inLanguage\":\"hr\",\"potentialAction\":[{\"@type\":\"ReadAction\",\"target\":[\"https:\/\/dentaverse.pro\/hr\/kontakt\/\"]}]},{\"@type\":\"BreadcrumbList\",\"@id\":\"https:\/\/dentaverse.pro\/hr\/kontakt\/#breadcrumb\",\"itemListElement\":[{\"@type\":\"ListItem\",\"position\":1,\"name\":\"Home\",\"item\":\"https:\/\/dentaverse.pro\/\"},{\"@type\":\"ListItem\",\"position\":2,\"name\":\"Kontakt\"}]},{\"@type\":\"WebSite\",\"@id\":\"https:\/\/dentaverse.pro\/#website\",\"url\":\"https:\/\/dentaverse.pro\/\",\"name\":\"Dentaverse\",\"description\":\"one-stop dental solution\",\"publisher\":{\"@id\":\"https:\/\/dentaverse.pro\/#organization\"},\"potentialAction\":[{\"@type\":\"SearchAction\",\"target\":{\"@type\":\"EntryPoint\",\"urlTemplate\":\"https:\/\/dentaverse.pro\/?s={search_term_string}\"},\"query-input\":{\"@type\":\"PropertyValueSpecification\",\"valueRequired\":true,\"valueName\":\"search_term_string\"}}],\"inLanguage\":\"hr\"},{\"@type\":\"Organization\",\"@id\":\"https:\/\/dentaverse.pro\/#organization\",\"name\":\"Dentaverse\",\"url\":\"https:\/\/dentaverse.pro\/\",\"logo\":{\"@type\":\"ImageObject\",\"inLanguage\":\"hr\",\"@id\":\"https:\/\/dentaverse.pro\/#\/schema\/logo\/image\/\",\"url\":\"https:\/\/dentaverse.pro\/wp-content\/uploads\/2023\/09\/dentaverse-logo-landscape-web.png\",\"contentUrl\":\"https:\/\/dentaverse.pro\/wp-content\/uploads\/2023\/09\/dentaverse-logo-landscape-web.png\",\"width\":500,\"height\":200,\"caption\":\"Dentaverse\"},\"image\":{\"@id\":\"https:\/\/dentaverse.pro\/#\/schema\/logo\/image\/\"}}]}<\/script>\n<!-- \/ Yoast SEO plugin. -->","yoast_head_json":{"title":"Get Dentaverse - Kontaktirajte nas","description":"Kontaktirajte nas za neobavezuju\u0107u ponudu. Va\u0161 pouzdan partner za cjelovita rje\u0161enja i uspje\u0161nu suradnju.","robots":{"index":"index","follow":"follow","max-snippet":"max-snippet:-1","max-image-preview":"max-image-preview:large","max-video-preview":"max-video-preview:-1"},"canonical":"https:\/\/dentaverse.pro\/hr\/kontakt\/","og_locale":"hr_HR","og_type":"article","og_title":"Get Dentaverse - Kontaktirajte nas","og_description":"Kontaktirajte nas za neobavezuju\u0107u ponudu. Va\u0161 pouzdan partner za cjelovita rje\u0161enja i uspje\u0161nu suradnju.","og_url":"https:\/\/dentaverse.pro\/hr\/kontakt\/","og_site_name":"Dentaverse","article_modified_time":"2023-11-03T08:54:45+00:00","twitter_card":"summary_large_image","twitter_misc":{"Procijenjeno vrijeme \u010ditanja":"9 minuta"},"schema":{"@context":"https:\/\/schema.org","@graph":[{"@type":"WebPage","@id":"https:\/\/dentaverse.pro\/hr\/kontakt\/","url":"https:\/\/dentaverse.pro\/hr\/kontakt\/","name":"Get Dentaverse - Kontaktirajte nas","isPartOf":{"@id":"https:\/\/dentaverse.pro\/#website"},"datePublished":"2023-09-19T08:13:48+00:00","dateModified":"2023-11-03T08:54:45+00:00","description":"Kontaktirajte nas za neobavezuju\u0107u ponudu. Va\u0161 pouzdan partner za cjelovita rje\u0161enja i uspje\u0161nu suradnju.","breadcrumb":{"@id":"https:\/\/dentaverse.pro\/hr\/kontakt\/#breadcrumb"},"inLanguage":"hr","potentialAction":[{"@type":"ReadAction","target":["https:\/\/dentaverse.pro\/hr\/kontakt\/"]}]},{"@type":"BreadcrumbList","@id":"https:\/\/dentaverse.pro\/hr\/kontakt\/#breadcrumb","itemListElement":[{"@type":"ListItem","position":1,"name":"Home","item":"https:\/\/dentaverse.pro\/"},{"@type":"ListItem","position":2,"name":"Kontakt"}]},{"@type":"WebSite","@id":"https:\/\/dentaverse.pro\/#website","url":"https:\/\/dentaverse.pro\/","name":"Dentaverse","description":"one-stop dental solution","publisher":{"@id":"https:\/\/dentaverse.pro\/#organization"},"potentialAction":[{"@type":"SearchAction","target":{"@type":"EntryPoint","urlTemplate":"https:\/\/dentaverse.pro\/?s={search_term_string}"},"query-input":{"@type":"PropertyValueSpecification","valueRequired":true,"valueName":"search_term_string"}}],"inLanguage":"hr"},{"@type":"Organization","@id":"https:\/\/dentaverse.pro\/#organization","name":"Dentaverse","url":"https:\/\/dentaverse.pro\/","logo":{"@type":"ImageObject","inLanguage":"hr","@id":"https:\/\/dentaverse.pro\/#\/schema\/logo\/image\/","url":"https:\/\/dentaverse.pro\/wp-content\/uploads\/2023\/09\/dentaverse-logo-landscape-web.png","contentUrl":"https:\/\/dentaverse.pro\/wp-content\/uploads\/2023\/09\/dentaverse-logo-landscape-web.png","width":500,"height":200,"caption":"Dentaverse"},"image":{"@id":"https:\/\/dentaverse.pro\/#\/schema\/logo\/image\/"}}]}},"_links":{"self":[{"href":"https:\/\/dentaverse.pro\/hr\/wp-json\/wp\/v2\/pages\/71684","targetHints":{"allow":["GET"]}}],"collection":[{"href":"https:\/\/dentaverse.pro\/hr\/wp-json\/wp\/v2\/pages"}],"about":[{"href":"https:\/\/dentaverse.pro\/hr\/wp-json\/wp\/v2\/types\/page"}],"author":[{"embeddable":true,"href":"https:\/\/dentaverse.pro\/hr\/wp-json\/wp\/v2\/users\/1"}],"replies":[{"embeddable":true,"href":"https:\/\/dentaverse.pro\/hr\/wp-json\/wp\/v2\/comments?post=71684"}],"version-history":[{"count":36,"href":"https:\/\/dentaverse.pro\/hr\/wp-json\/wp\/v2\/pages\/71684\/revisions"}],"predecessor-version":[{"id":72235,"href":"https:\/\/dentaverse.pro\/hr\/wp-json\/wp\/v2\/pages\/71684\/revisions\/72235"}],"wp:attachment":[{"href":"https:\/\/dentaverse.pro\/hr\/wp-json\/wp\/v2\/media?parent=71684"}],"wp:term":[{"taxonomy":"dipi_cpt_category","embeddable":true,"href":"https:\/\/dentaverse.pro\/hr\/wp-json\/wp\/v2\/dipi_cpt_category?post=71684"}],"curies":[{"name":"wp","href":"https:\/\/api.w.org\/{rel}","templated":true}]}}